{"id":6043,"date":"2024-10-29T21:49:10","date_gmt":"2024-10-29T20:49:10","guid":{"rendered":"https:\/\/www.cgvpack.it\/production\/"},"modified":"2024-11-13T23:39:30","modified_gmt":"2024-11-13T22:39:30","slug":"production","status":"publish","type":"page","link":"https:\/\/www.cgvpack.it\/fr\/production\/","title":{"rendered":"Production"},"content":{"rendered":"\t\t<div data-elementor-type=\"wp-post\" data-elementor-id=\"6043\" class=\"elementor elementor-6043 elementor-5314\">\n\t\t\t\t\t\t<section class=\"elementor-section elementor-top-section elementor-element elementor-element-a99c231 elementor-section-stretched elementor-section-full_width elementor-section-content-middle elementor-section-height-default elementor-section-height-default\" data-id=\"a99c231\" data-element_type=\"section\" data-settings=\"{&quot;stretch_section&quot;:&quot;section-stretched&quot;,&quot;background_background&quot;:&quot;classic&quot;,&quot;architecturer_ext_is_background_parallax&quot;:&quot;false&quot;,&quot;architecturer_ext_is_background_on_scroll&quot;:&quot;false&quot;}\">\n\t\t\t\t\t\t<div class=\"elementor-container elementor-column-gap-no\">\n\t\t\t\t\t<div class=\"elementor-column elementor-col-50 elementor-top-column elementor-element elementor-element-fea7d18\" data-id=\"fea7d18\" data-element_type=\"column\" data-settings=\"{&quot;architecturer_ext_is_mobile_menu&quot;:&quot;false&quot;,&quot;architecturer_ext_is_scrollme&quot;:&quot;false&quot;,&quot;architecturer_ext_is_smoove&quot;:&quot;false&quot;,&quot;architecturer_ext_is_parallax_mouse&quot;:&quot;false&quot;,&quot;architecturer_ext_is_infinite&quot;:&quot;false&quot;,&quot;architecturer_ext_is_fadeout_animation&quot;:&quot;false&quot;}\">\n\t\t\t<div class=\"elementor-widget-wrap elementor-element-populated\">\n\t\t\t\t\t\t<div class=\"elementor-element elementor-element-e10bb5d elementor-widget elementor-widget-text-editor\" data-id=\"e10bb5d\" data-element_type=\"widget\" data-settings=\"{&quot;architecturer_ext_is_mobile_menu&quot;:&quot;false&quot;,&quot;architecturer_ext_is_scrollme&quot;:&quot;false&quot;,&quot;architecturer_ext_is_smoove&quot;:&quot;false&quot;,&quot;architecturer_ext_is_parallax_mouse&quot;:&quot;false&quot;,&quot;architecturer_ext_is_infinite&quot;:&quot;false&quot;,&quot;architecturer_ext_is_fadeout_animation&quot;:&quot;false&quot;}\" data-widget_type=\"text-editor.default\">\n\t\t\t\t<div class=\"elementor-widget-container\">\n\t\t\t\t\t\t\t\t\t<p>Production<\/p>\n\t\t\t\t\t\t\t\t<\/div>\n\t\t\t\t<\/div>\n\t\t\t\t<div class=\"elementor-element elementor-element-cb41119 elementor-widget elementor-widget-heading\" data-id=\"cb41119\" data-element_type=\"widget\" data-settings=\"{&quot;architecturer_ext_is_mobile_menu&quot;:&quot;false&quot;,&quot;architecturer_ext_is_scrollme&quot;:&quot;false&quot;,&quot;architecturer_ext_is_smoove&quot;:&quot;false&quot;,&quot;architecturer_ext_is_parallax_mouse&quot;:&quot;false&quot;,&quot;architecturer_ext_is_infinite&quot;:&quot;false&quot;,&quot;architecturer_ext_is_fadeout_animation&quot;:&quot;false&quot;}\" data-widget_type=\"heading.default\">\n\t\t\t\t<div class=\"elementor-widget-container\">\n\t\t\t\t\t<h2 class=\"elementor-heading-title elementor-size-default\">Technologie et talent : la formule de l'excellence<\/h2>\t\t\t\t<\/div>\n\t\t\t\t<\/div>\n\t\t\t\t<div class=\"elementor-element elementor-element-bd5625f elementor-widget elementor-widget-text-editor\" data-id=\"bd5625f\" data-element_type=\"widget\" data-settings=\"{&quot;architecturer_ext_is_mobile_menu&quot;:&quot;false&quot;,&quot;architecturer_ext_is_scrollme&quot;:&quot;false&quot;,&quot;architecturer_ext_is_smoove&quot;:&quot;false&quot;,&quot;architecturer_ext_is_parallax_mouse&quot;:&quot;false&quot;,&quot;architecturer_ext_is_infinite&quot;:&quot;false&quot;,&quot;architecturer_ext_is_fadeout_animation&quot;:&quot;false&quot;}\" data-widget_type=\"text-editor.default\">\n\t\t\t\t<div class=\"elementor-widget-container\">\n\t\t\t\t\t\t\t\t\t<p>L&rsquo;excellence na\u00eet de la combinaison parfaite de l&rsquo;expertise humaine et de l&rsquo;innovation technologique. C&rsquo;est pourquoi CGV met \u00e0 la disposition de ses meilleurs professionnels &#8211; concepteurs, techniciens et imprimeurs &#8211; la technologie la plus avanc\u00e9e du secteur. La recette du succ\u00e8s :  <\/p>\n<ul>\n<li>Investissement constant dans les technologies les plus r\u00e9centes<\/li>\n<li>\u00c9quipe d&rsquo;experts hautement sp\u00e9cialis\u00e9s Recherche continue sur les mat\u00e9riaux et les techniques de traitement<\/li>\n<li>Un contr\u00f4le de qualit\u00e9 strict \u00e0 chaque \u00e9tape<\/li>\n<li>Respect scrupuleux des d\u00e9lais de livraison<\/li>\n<\/ul>\n<p>Mais il y a quelque chose qui va au-del\u00e0 des machines et des comp\u00e9tences techniques : la passion. C&rsquo;est le moteur qui nous pousse \u00e0 \u00e9voluer en permanence, \u00e0 chercher toujours de nouvelles solutions, \u00e0 ne jamais nous contenter de ce que nous avons accompli. <\/p>\n<p>Car pour nous, chaque bo\u00eete, chaque d\u00e9coupe, chaque projet n&rsquo;est pas seulement un produit, mais une occasion d&rsquo;innover et de cro\u00eetre avec nos clients sur un march\u00e9 en constante \u00e9volution.<\/p>\n<p><em>La technologie seule ne fait pas la diff\u00e9rence. Ce sont les personnes qui savent le mieux l&rsquo;utiliser. <\/em><\/p>\n\t\t\t\t\t\t\t\t<\/div>\n\t\t\t\t<\/div>\n\t\t\t\t\t<\/div>\n\t\t<\/div>\n\t\t\t\t<div class=\"elementor-column elementor-col-50 elementor-top-column elementor-element elementor-element-1da060f\" data-id=\"1da060f\" data-element_type=\"column\" data-settings=\"{&quot;background_background&quot;:&quot;classic&quot;,&quot;architecturer_ext_is_mobile_menu&quot;:&quot;false&quot;,&quot;architecturer_ext_is_scrollme&quot;:&quot;false&quot;,&quot;architecturer_ext_is_smoove&quot;:&quot;false&quot;,&quot;architecturer_ext_is_parallax_mouse&quot;:&quot;false&quot;,&quot;architecturer_ext_is_infinite&quot;:&quot;false&quot;,&quot;architecturer_ext_is_fadeout_animation&quot;:&quot;false&quot;}\">\n\t\t\t<div class=\"elementor-widget-wrap elementor-element-populated\">\n\t\t\t\t\t\t<div class=\"elementor-element elementor-element-ea3ac7e elementor-widget elementor-widget-image\" data-id=\"ea3ac7e\" data-element_type=\"widget\" data-settings=\"{&quot;architecturer_image_is_animation&quot;:&quot;false&quot;,&quot;architecturer_ext_is_mobile_menu&quot;:&quot;false&quot;,&quot;architecturer_ext_is_scrollme&quot;:&quot;false&quot;,&quot;architecturer_ext_is_smoove&quot;:&quot;false&quot;,&quot;architecturer_ext_is_parallax_mouse&quot;:&quot;false&quot;,&quot;architecturer_ext_is_infinite&quot;:&quot;false&quot;,&quot;architecturer_ext_is_fadeout_animation&quot;:&quot;false&quot;}\" data-widget_type=\"image.default\">\n\t\t\t\t<div class=\"elementor-widget-container\">\n\t\t\t\t\t\t\t\t\t\t\t\t\t\t\t<img fetchpriority=\"high\" decoding=\"async\" width=\"821\" height=\"1024\" src=\"https:\/\/www.cgvpack.it\/wp-content\/uploads\/2018\/08\/stil-326695-unsplash-821x1024.jpg\" class=\"attachment-large size-large wp-image-5680\" alt=\"\" srcset=\"https:\/\/www.cgvpack.it\/wp-content\/uploads\/2018\/08\/stil-326695-unsplash-821x1024.jpg 821w, https:\/\/www.cgvpack.it\/wp-content\/uploads\/2018\/08\/stil-326695-unsplash-600x749.jpg 600w, https:\/\/www.cgvpack.it\/wp-content\/uploads\/2018\/08\/stil-326695-unsplash-240x300.jpg 240w, https:\/\/www.cgvpack.it\/wp-content\/uploads\/2018\/08\/stil-326695-unsplash-768x958.jpg 768w, https:\/\/www.cgvpack.it\/wp-content\/uploads\/2018\/08\/stil-326695-unsplash-440x549.jpg 440w, https:\/\/www.cgvpack.it\/wp-content\/uploads\/2018\/08\/stil-326695-unsplash.jpg 1154w\" sizes=\"(max-width: 821px) 100vw, 821px\" \/>\t\t\t\t\t\t\t\t\t\t\t\t\t\t\t<\/div>\n\t\t\t\t<\/div>\n\t\t\t\t\t<\/div>\n\t\t<\/div>\n\t\t\t\t\t<\/div>\n\t\t<\/section>\n\t\t\t\t<section class=\"elementor-section elementor-top-section elementor-element elementor-element-3447672 elementor-section-boxed elementor-section-height-default elementor-section-height-default\" data-id=\"3447672\" data-element_type=\"section\" data-settings=\"{&quot;architecturer_ext_is_background_parallax&quot;:&quot;false&quot;,&quot;architecturer_ext_is_background_on_scroll&quot;:&quot;false&quot;}\">\n\t\t\t\t\t\t<div class=\"elementor-container elementor-column-gap-no\">\n\t\t\t\t\t<div class=\"elementor-column elementor-col-100 elementor-top-column elementor-element elementor-element-7493348\" data-id=\"7493348\" data-element_type=\"column\" data-settings=\"{&quot;architecturer_ext_is_mobile_menu&quot;:&quot;false&quot;,&quot;architecturer_ext_is_scrollme&quot;:&quot;false&quot;,&quot;architecturer_ext_is_smoove&quot;:&quot;false&quot;,&quot;architecturer_ext_is_parallax_mouse&quot;:&quot;false&quot;,&quot;architecturer_ext_is_infinite&quot;:&quot;false&quot;,&quot;architecturer_ext_is_fadeout_animation&quot;:&quot;false&quot;}\">\n\t\t\t<div class=\"elementor-widget-wrap\">\n\t\t\t\t\t\t\t<\/div>\n\t\t<\/div>\n\t\t\t\t\t<\/div>\n\t\t<\/section>\n\t\t\t\t<\/div>\n\t\t","protected":false},"excerpt":{"rendered":"<p>Production Technologie et talent : la formule de l&rsquo;excellence L&rsquo;excellence na\u00eet de la combinaison parfaite de l&rsquo;expertise humaine et de l&rsquo;innovation technologique. C&rsquo;est pourquoi CGV met \u00e0 la disposition de ses meilleurs professionnels &#8211; concepteurs, techniciens et imprimeurs &#8211; la [&hellip;]<\/p>\n","protected":false},"author":1,"featured_media":0,"parent":0,"menu_order":0,"comment_status":"closed","ping_status":"closed","template":"","meta":{"footnotes":""},"class_list":["post-6043","page","type-page","status-publish","hentry"],"aioseo_notices":[],"_links":{"self":[{"href":"https:\/\/www.cgvpack.it\/fr\/wp-json\/wp\/v2\/pages\/6043","targetHints":{"allow":["GET"]}}],"collection":[{"href":"https:\/\/www.cgvpack.it\/fr\/wp-json\/wp\/v2\/pages"}],"about":[{"href":"https:\/\/www.cgvpack.it\/fr\/wp-json\/wp\/v2\/types\/page"}],"author":[{"embeddable":true,"href":"https:\/\/www.cgvpack.it\/fr\/wp-json\/wp\/v2\/users\/1"}],"replies":[{"embeddable":true,"href":"https:\/\/www.cgvpack.it\/fr\/wp-json\/wp\/v2\/comments?post=6043"}],"version-history":[{"count":11,"href":"https:\/\/www.cgvpack.it\/fr\/wp-json\/wp\/v2\/pages\/6043\/revisions"}],"predecessor-version":[{"id":6082,"href":"https:\/\/www.cgvpack.it\/fr\/wp-json\/wp\/v2\/pages\/6043\/revisions\/6082"}],"wp:attachment":[{"href":"https:\/\/www.cgvpack.it\/fr\/wp-json\/wp\/v2\/media?parent=6043"}],"curies":[{"name":"wp","href":"https:\/\/api.w.org\/{rel}","templated":true}]}}