{"id":6095,"date":"2018-08-04T06:42:10","date_gmt":"2018-08-04T04:42:10","guid":{"rendered":"https:\/\/www.cgvpack.it\/lhistoire\/"},"modified":"2024-11-13T23:39:47","modified_gmt":"2024-11-13T22:39:47","slug":"lhistoire","status":"publish","type":"page","link":"https:\/\/www.cgvpack.it\/fr\/lhistoire\/","title":{"rendered":"L&rsquo;histoire"},"content":{"rendered":"\t\t<div data-elementor-type=\"wp-post\" data-elementor-id=\"6095\" class=\"elementor elementor-6095 elementor-445\">\n\t\t\t\t\t\t<section class=\"elementor-section elementor-top-section elementor-element elementor-element-a99c231 elementor-section-stretched elementor-section-full_width elementor-section-content-middle elementor-section-height-default elementor-section-height-default\" data-id=\"a99c231\" data-element_type=\"section\" data-settings=\"{&quot;stretch_section&quot;:&quot;section-stretched&quot;,&quot;background_background&quot;:&quot;classic&quot;,&quot;architecturer_ext_is_background_parallax&quot;:&quot;false&quot;,&quot;architecturer_ext_is_background_on_scroll&quot;:&quot;false&quot;}\">\n\t\t\t\t\t\t<div class=\"elementor-container elementor-column-gap-no\">\n\t\t\t\t\t<div class=\"elementor-column elementor-col-50 elementor-top-column elementor-element elementor-element-fea7d18\" data-id=\"fea7d18\" data-element_type=\"column\" data-settings=\"{&quot;architecturer_ext_is_mobile_menu&quot;:&quot;false&quot;,&quot;architecturer_ext_is_scrollme&quot;:&quot;false&quot;,&quot;architecturer_ext_is_smoove&quot;:&quot;false&quot;,&quot;architecturer_ext_is_parallax_mouse&quot;:&quot;false&quot;,&quot;architecturer_ext_is_infinite&quot;:&quot;false&quot;,&quot;architecturer_ext_is_fadeout_animation&quot;:&quot;false&quot;}\">\n\t\t\t<div class=\"elementor-widget-wrap elementor-element-populated\">\n\t\t\t\t\t\t<div class=\"elementor-element elementor-element-e10bb5d elementor-widget elementor-widget-text-editor\" data-id=\"e10bb5d\" data-element_type=\"widget\" data-settings=\"{&quot;architecturer_ext_is_mobile_menu&quot;:&quot;false&quot;,&quot;architecturer_ext_is_scrollme&quot;:&quot;false&quot;,&quot;architecturer_ext_is_smoove&quot;:&quot;false&quot;,&quot;architecturer_ext_is_parallax_mouse&quot;:&quot;false&quot;,&quot;architecturer_ext_is_infinite&quot;:&quot;false&quot;,&quot;architecturer_ext_is_fadeout_animation&quot;:&quot;false&quot;}\" data-widget_type=\"text-editor.default\">\n\t\t\t\t<div class=\"elementor-widget-container\">\n\t\t\t\t\t\t\t\t\t<p>L&rsquo;histoire<\/p>\n\t\t\t\t\t\t\t\t<\/div>\n\t\t\t\t<\/div>\n\t\t\t\t<div class=\"elementor-element elementor-element-cb41119 elementor-widget elementor-widget-heading\" data-id=\"cb41119\" data-element_type=\"widget\" data-settings=\"{&quot;architecturer_ext_is_mobile_menu&quot;:&quot;false&quot;,&quot;architecturer_ext_is_scrollme&quot;:&quot;false&quot;,&quot;architecturer_ext_is_smoove&quot;:&quot;false&quot;,&quot;architecturer_ext_is_parallax_mouse&quot;:&quot;false&quot;,&quot;architecturer_ext_is_infinite&quot;:&quot;false&quot;,&quot;architecturer_ext_is_fadeout_animation&quot;:&quot;false&quot;}\" data-widget_type=\"heading.default\">\n\t\t\t\t<div class=\"elementor-widget-container\">\n\t\t\t\t\t<h2 class=\"elementor-heading-title elementor-size-default\">CGV est une entreprise d'arts graphiques de premier plan bas\u00e9e \u00e0 Vicence. Depuis plus de 50 ans, nous fournissons des solutions d'emballage et d'impression de haute qualit\u00e9 \u00e0 nos clients en Italie et \u00e0 l'\u00e9tranger. <\/h2>\t\t\t\t<\/div>\n\t\t\t\t<\/div>\n\t\t\t\t<div class=\"elementor-element elementor-element-bd5625f elementor-widget elementor-widget-text-editor\" data-id=\"bd5625f\" data-element_type=\"widget\" data-settings=\"{&quot;architecturer_ext_is_mobile_menu&quot;:&quot;false&quot;,&quot;architecturer_ext_is_scrollme&quot;:&quot;false&quot;,&quot;architecturer_ext_is_smoove&quot;:&quot;false&quot;,&quot;architecturer_ext_is_parallax_mouse&quot;:&quot;false&quot;,&quot;architecturer_ext_is_infinite&quot;:&quot;false&quot;,&quot;architecturer_ext_is_fadeout_animation&quot;:&quot;false&quot;}\" data-widget_type=\"text-editor.default\">\n\t\t\t\t<div class=\"elementor-widget-container\">\n\t\t\t\t\t\t\t\t\t<p class=\"whitespace-pre-wrap break-words\">Tout a commenc\u00e9 en 1970, lorsque les fondateurs ont ouvert un petit atelier sp\u00e9cialis\u00e9 dans la fabrication de bo\u00eetes et d&#8217;emballages pour l&rsquo;industrie de la chaussure. Gr\u00e2ce \u00e0 la passion, \u00e0 l&rsquo;engagement et \u00e0 l&rsquo;innovation, l&rsquo;entreprise a connu une croissance constante au fil des d\u00e9cennies, \u00e9largissant ses horizons et diversifiant sa production. <\/p>\n<p class=\"whitespace-pre-wrap break-words\">Aujourd&rsquo;hui, CGVpack est une entreprise de pointe qui allie l&rsquo;exp\u00e9rience de l&rsquo;artisanat \u00e0 une technologie de pointe. Nous offrons une large gamme de services allant de la conception 3D \u00e0 la finition et \u00e0 l&rsquo;assemblage final, en passant par l&rsquo;impression num\u00e9rique et offset, la d\u00e9coupe et le pelliculage. <\/p>\n<p class=\"whitespace-pre-wrap break-words\">Notre objectif est le m\u00eame depuis plus d&rsquo;un demi-si\u00e8cle : cr\u00e9er des produits de haute qualit\u00e9 qui r\u00e9pondent aux besoins les plus sp\u00e9cifiques de nos clients. Nous nous effor\u00e7ons chaque jour d&rsquo;\u00eatre un partenaire fiable et innovant, capable de transformer les id\u00e9es de nos clients en solutions d&#8217;emballage et de communication r\u00e9ussies. <\/p>\n\t\t\t\t\t\t\t\t<\/div>\n\t\t\t\t<\/div>\n\t\t\t\t\t<\/div>\n\t\t<\/div>\n\t\t\t\t<div class=\"elementor-column elementor-col-50 elementor-top-column elementor-element elementor-element-1da060f\" data-id=\"1da060f\" data-element_type=\"column\" data-settings=\"{&quot;background_background&quot;:&quot;classic&quot;,&quot;architecturer_ext_is_mobile_menu&quot;:&quot;false&quot;,&quot;architecturer_ext_is_scrollme&quot;:&quot;false&quot;,&quot;architecturer_ext_is_smoove&quot;:&quot;false&quot;,&quot;architecturer_ext_is_parallax_mouse&quot;:&quot;false&quot;,&quot;architecturer_ext_is_infinite&quot;:&quot;false&quot;,&quot;architecturer_ext_is_fadeout_animation&quot;:&quot;false&quot;}\">\n\t\t\t<div class=\"elementor-widget-wrap elementor-element-populated\">\n\t\t\t\t\t\t<div class=\"elementor-element elementor-element-ea3ac7e elementor-widget elementor-widget-image\" data-id=\"ea3ac7e\" data-element_type=\"widget\" data-settings=\"{&quot;architecturer_image_is_animation&quot;:&quot;false&quot;,&quot;architecturer_ext_is_mobile_menu&quot;:&quot;false&quot;,&quot;architecturer_ext_is_scrollme&quot;:&quot;false&quot;,&quot;architecturer_ext_is_smoove&quot;:&quot;false&quot;,&quot;architecturer_ext_is_parallax_mouse&quot;:&quot;false&quot;,&quot;architecturer_ext_is_infinite&quot;:&quot;false&quot;,&quot;architecturer_ext_is_fadeout_animation&quot;:&quot;false&quot;}\" data-widget_type=\"image.default\">\n\t\t\t\t<div class=\"elementor-widget-container\">\n\t\t\t\t\t\t\t\t\t\t\t\t\t\t\t<img fetchpriority=\"high\" decoding=\"async\" width=\"821\" height=\"1024\" src=\"https:\/\/www.cgvpack.it\/wp-content\/uploads\/2018\/08\/stil-326695-unsplash-821x1024.jpg\" class=\"attachment-large size-large wp-image-5680\" alt=\"\" srcset=\"https:\/\/www.cgvpack.it\/wp-content\/uploads\/2018\/08\/stil-326695-unsplash-821x1024.jpg 821w, https:\/\/www.cgvpack.it\/wp-content\/uploads\/2018\/08\/stil-326695-unsplash-600x749.jpg 600w, https:\/\/www.cgvpack.it\/wp-content\/uploads\/2018\/08\/stil-326695-unsplash-240x300.jpg 240w, https:\/\/www.cgvpack.it\/wp-content\/uploads\/2018\/08\/stil-326695-unsplash-768x958.jpg 768w, https:\/\/www.cgvpack.it\/wp-content\/uploads\/2018\/08\/stil-326695-unsplash-440x549.jpg 440w, https:\/\/www.cgvpack.it\/wp-content\/uploads\/2018\/08\/stil-326695-unsplash.jpg 1154w\" sizes=\"(max-width: 821px) 100vw, 821px\" \/>\t\t\t\t\t\t\t\t\t\t\t\t\t\t\t<\/div>\n\t\t\t\t<\/div>\n\t\t\t\t\t<\/div>\n\t\t<\/div>\n\t\t\t\t\t<\/div>\n\t\t<\/section>\n\t\t\t\t<section class=\"elementor-section elementor-top-section elementor-element elementor-element-1017dce elementor-section-boxed elementor-section-height-default elementor-section-height-default\" data-id=\"1017dce\" data-element_type=\"section\" data-settings=\"{&quot;architecturer_ext_is_background_parallax&quot;:&quot;false&quot;,&quot;architecturer_ext_is_background_on_scroll&quot;:&quot;false&quot;}\">\n\t\t\t\t\t\t<div class=\"elementor-container elementor-column-gap-no\">\n\t\t\t\t\t<div class=\"elementor-column elementor-col-100 elementor-top-column elementor-element elementor-element-50a3d89\" data-id=\"50a3d89\" data-element_type=\"column\" data-settings=\"{&quot;architecturer_ext_is_mobile_menu&quot;:&quot;false&quot;,&quot;architecturer_ext_is_scrollme&quot;:&quot;false&quot;,&quot;architecturer_ext_is_smoove&quot;:&quot;false&quot;,&quot;architecturer_ext_is_parallax_mouse&quot;:&quot;false&quot;,&quot;architecturer_ext_is_infinite&quot;:&quot;false&quot;,&quot;architecturer_ext_is_fadeout_animation&quot;:&quot;false&quot;}\">\n\t\t\t<div class=\"elementor-widget-wrap elementor-element-populated\">\n\t\t\t\t\t\t<div class=\"elementor-element elementor-element-037fa78 elementor-widget elementor-widget-text-editor\" data-id=\"037fa78\" data-element_type=\"widget\" data-settings=\"{&quot;architecturer_ext_is_mobile_menu&quot;:&quot;false&quot;,&quot;architecturer_ext_is_scrollme&quot;:&quot;false&quot;,&quot;architecturer_ext_is_smoove&quot;:&quot;false&quot;,&quot;architecturer_ext_is_parallax_mouse&quot;:&quot;false&quot;,&quot;architecturer_ext_is_infinite&quot;:&quot;false&quot;,&quot;architecturer_ext_is_fadeout_animation&quot;:&quot;false&quot;}\" data-widget_type=\"text-editor.default\">\n\t\t\t\t<div class=\"elementor-widget-container\">\n\t\t\t\t\t\t\t\t\t<p>Chronologie<\/p>\n\t\t\t\t\t\t\t\t<\/div>\n\t\t\t\t<\/div>\n\t\t\t\t<div class=\"elementor-element elementor-element-3a15a8f elementor-widget elementor-widget-heading\" data-id=\"3a15a8f\" data-element_type=\"widget\" data-settings=\"{&quot;architecturer_ext_is_mobile_menu&quot;:&quot;false&quot;,&quot;architecturer_ext_is_scrollme&quot;:&quot;false&quot;,&quot;architecturer_ext_is_smoove&quot;:&quot;false&quot;,&quot;architecturer_ext_is_parallax_mouse&quot;:&quot;false&quot;,&quot;architecturer_ext_is_infinite&quot;:&quot;false&quot;,&quot;architecturer_ext_is_fadeout_animation&quot;:&quot;false&quot;}\" data-widget_type=\"heading.default\">\n\t\t\t\t<div class=\"elementor-widget-container\">\n\t\t\t\t\t<h2 class=\"elementor-heading-title elementor-size-default\">1970 - aujourd'hui<\/h2>\t\t\t\t<\/div>\n\t\t\t\t<\/div>\n\t\t\t\t\t<\/div>\n\t\t<\/div>\n\t\t\t\t\t<\/div>\n\t\t<\/section>\n\t\t\t\t<section class=\"elementor-section elementor-top-section elementor-element elementor-element-3447672 elementor-section-boxed elementor-section-height-default elementor-section-height-default\" data-id=\"3447672\" data-element_type=\"section\" data-settings=\"{&quot;architecturer_ext_is_background_parallax&quot;:&quot;false&quot;,&quot;architecturer_ext_is_background_on_scroll&quot;:&quot;false&quot;}\">\n\t\t\t\t\t\t<div class=\"elementor-container elementor-column-gap-no\">\n\t\t\t\t\t<div class=\"elementor-column elementor-col-100 elementor-top-column elementor-element elementor-element-7493348\" data-id=\"7493348\" data-element_type=\"column\" data-settings=\"{&quot;architecturer_ext_is_mobile_menu&quot;:&quot;false&quot;,&quot;architecturer_ext_is_scrollme&quot;:&quot;false&quot;,&quot;architecturer_ext_is_smoove&quot;:&quot;false&quot;,&quot;architecturer_ext_is_parallax_mouse&quot;:&quot;false&quot;,&quot;architecturer_ext_is_infinite&quot;:&quot;false&quot;,&quot;architecturer_ext_is_fadeout_animation&quot;:&quot;false&quot;}\">\n\t\t\t<div class=\"elementor-widget-wrap elementor-element-populated\">\n\t\t\t\t\t\t<div class=\"elementor-element elementor-element-489e841 elementor-widget elementor-widget-architecturer-horizontal-timeline\" data-id=\"489e841\" data-element_type=\"widget\" data-settings=\"{&quot;architecturer_ext_is_mobile_menu&quot;:&quot;false&quot;,&quot;architecturer_ext_is_scrollme&quot;:&quot;false&quot;,&quot;architecturer_ext_is_smoove&quot;:&quot;false&quot;,&quot;architecturer_ext_is_parallax_mouse&quot;:&quot;false&quot;,&quot;architecturer_ext_is_infinite&quot;:&quot;false&quot;,&quot;architecturer_ext_is_fadeout_animation&quot;:&quot;false&quot;}\" data-widget_type=\"architecturer-horizontal-timeline.default\">\n\t\t\t\t<div class=\"elementor-widget-container\">\n\t\t\t\t\t<div class=\"tg_horizontal_timeline_wrapper cd-horizontal-timeline\" data-spacing=\"65\">\n\t<div class=\"timeline\">\n\t\t<div class=\"events-wrapper\">\n\t\t\t<div class=\"events\">\n\t\t\t\t<ol>\n\t\t\t\t\t\t\t\t\t\t<li><a href=\"#0\" data-date=\"01\/01\/1970\" class=\"selected\">Jan 1970<\/a><\/li>\n\t\t\t\t\t\t\t\t\t\t<li><a href=\"#0\" data-date=\"01\/01\/1980\" >1980<\/a><\/li>\n\t\t\t\t\t\t\t\t\t\t<li><a href=\"#0\" data-date=\"01\/01\/1990\" >1990<\/a><\/li>\n\t\t\t\t\t\t\t\t\t\t<li><a href=\"#0\" data-date=\"01\/01\/2000\" >2000<\/a><\/li>\n\t\t\t\t\t\t\t\t\t\t<li><a href=\"#0\" data-date=\"01\/01\/2010\" >2010<\/a><\/li>\n\t\t\t\t\t\t\t\t\t\t<li><a href=\"#0\" data-date=\"01\/01\/2020\" >2020<\/a><\/li>\n\t\t\t\t\t\t\t\t\t\t<li><a href=\"#0\" data-date=\"01\/01\/2024\" >2024<\/a><\/li>\n\t\t\t\t\t\t\t\t\t<\/ol>\n\n\t\t\t\t<span class=\"filling-line\" aria-hidden=\"true\"><\/span>\n\t\t\t<\/div> <!-- .events -->\n\t\t<\/div> <!-- .events-wrapper -->\n\t\t\t\n\t\t<ul class=\"cd-timeline-navigation\">\n\t\t\t<li><a href=\"#0\" class=\"prev inactive\"><\/a><\/li>\n\t\t\t<li><a href=\"#0\" class=\"next\"><\/a><\/li>\n\t\t<\/ul> <!-- .cd-timeline-navigation -->\n\t<\/div> <!-- .timeline -->\n\t\n\t<div class=\"events-content\">\n\t\t<ol>\n\t\t\t<li class=\"selected\" data-date=\"01\/01\/1970\">\n\t\t\t\t\t\t\t\t\t<h2>1970 - La nascita di un sogno<\/h2>\n\t\t\t\t\t\t\t\t\t\t\t\t\t\t\t\t\t<div class=\"events-content-desc\"><p>Nell'antica zona industriale di Vicenza, i fondatori aprono un piccolo laboratorio artigianale specializzato nella produzione di scatole per calzature. Con un solo macchinario e tanta passione, inizia la storia di CGV, supportando le eccellenze del territorio veneto con soluzioni di packaging su misura.<\/p><\/div>\n\t\t\t\t\t\t\t<\/li>\n\t\t\t<li  data-date=\"01\/01\/1980\">\n\t\t\t\t\t\t\t\t\t<h2>1980 - L&#039;era della stampa offset<\/h2>\n\t\t\t\t\t\t\t\t\t\t\t\t\t\t\t\t\t<div class=\"events-content-desc\"><p>Un decennio di crescita porta all'acquisto della prima stampante offset a quattro colori. Questo investimento rivoluziona la produzione, permettendo di realizzare packaging di alta qualit\u00e0 con grafiche elaborate. L'azienda si espande, assumendo i primi specialisti della stampa e raddoppiando gli spazi produttivi.<\/p><\/div>\n\t\t\t\t\t\t\t<\/li>\n\t\t\t<li  data-date=\"01\/01\/1990\">\n\t\t\t\t\t\t\t\t\t<h2>1990 - Innovazione digitale<\/h2>\n\t\t\t\t\t\t\t\t\t\t\t\t\t\t\t\t\t<div class=\"events-content-desc\"><p>CGV abbraccia la rivoluzione digitale, introducendo i primi sistemi CAD per la progettazione degli imballaggi. Questa svolta tecnologica permette di offrire ai clienti prototipi virtuali e ottimizzare i processi produttivi, riducendo significativamente i tempi di sviluppo dei progetti.<\/p><\/div>\n\t\t\t\t\t\t\t<\/li>\n\t\t\t<li  data-date=\"01\/01\/2000\">\n\t\t\t\t\t\t\t\t\t<h2>2000 - Espansione internazionale<\/h2>\n\t\t\t\t\t\t\t\t\t\t\t\t\t\t\t\t\t<div class=\"events-content-desc\"><p>Il nuovo millennio segna l'apertura ai mercati internazionali. L'azienda inizia a collaborare con importanti brand europei, sviluppando soluzioni di packaging innovative per il settore luxury. Viene inaugurato il nuovo stabilimento di 5000 mq con tecnologie all'avanguardia.<\/p><\/div>\n\t\t\t\t\t\t\t<\/li>\n\t\t\t<li  data-date=\"01\/01\/2010\">\n\t\t\t\t\t\t\t\t\t<h2>2010 - Sostenibilit\u00e0 e ambiente<\/h2>\n\t\t\t\t\t\t\t\t\t\t\t\t\t\t\t\t\t<div class=\"events-content-desc\"><p>CGV si impegna attivamente nella sostenibilit\u00e0 ambientale, introducendo una linea di packaging eco-friendly e ottenendo certificazioni ambientali. Vengono implementati processi produttivi a basso impatto e utilizzati materiali riciclati e biodegradabili.<\/p><\/div>\n\t\t\t\t\t\t\t<\/li>\n\t\t\t<li  data-date=\"01\/01\/2020\">\n\t\t\t\t\t\t\t\t\t<h2>2020 - Industria 4.0<\/h2>\n\t\t\t\t\t\t\t\t\t\t\t\t\t\t\t\t\t<div class=\"events-content-desc\"><p>L'azienda completa la trasformazione digitale implementando sistemi di Industry 4.0. Automazione avanzata, stampa digitale di ultima generazione e un laboratorio R&amp;D dedicato all'innovazione proiettano CGV nel futuro del packaging intelligente e connesso.<\/p><\/div>\n\t\t\t\t\t\t\t<\/li>\n\t\t\t<li  data-date=\"01\/01\/2024\">\n\t\t\t\t\t\t\t\t\t<h2>2024 - Verso nuovi orizzonti<\/h2>\n\t\t\t\t\t\t\t\t\t\t\t\t\t\t\t\t\t<div class=\"events-content-desc\"><p>Oggi CGVpack continua a crescere e innovare, con un focus particolare sulla personalizzazione e sulla sostenibilit\u00e0. Il nuovo centro design e il reparto di prototipazione rapida permettono di sviluppare soluzioni sempre pi\u00f9 creative e funzionali, mantenendo vivo lo spirito pionieristico che ha caratterizzato oltre 50 anni di storia.<\/p><\/div>\n\t\t\t\t\t\t\t<\/li>\n\t\t<\/ol>\n\t<\/div>\n<\/div>\n\t\t\t\t<\/div>\n\t\t\t\t<\/div>\n\t\t\t\t\t<\/div>\n\t\t<\/div>\n\t\t\t\t\t<\/div>\n\t\t<\/section>\n\t\t\t\t<\/div>\n\t\t","protected":false},"excerpt":{"rendered":"<p>L&rsquo;histoire CGV est une entreprise d&rsquo;arts graphiques de premier plan bas\u00e9e \u00e0 Vicence. Depuis plus de 50 ans, nous fournissons des solutions d&#8217;emballage et d&rsquo;impression de haute qualit\u00e9 \u00e0 nos clients en Italie et \u00e0 l&rsquo;\u00e9tranger. Tout a commenc\u00e9 en [&hellip;]<\/p>\n","protected":false},"author":1,"featured_media":0,"parent":0,"menu_order":0,"comment_status":"closed","ping_status":"closed","template":"","meta":{"footnotes":""},"class_list":["post-6095","page","type-page","status-publish","hentry"],"aioseo_notices":[],"_links":{"self":[{"href":"https:\/\/www.cgvpack.it\/fr\/wp-json\/wp\/v2\/pages\/6095","targetHints":{"allow":["GET"]}}],"collection":[{"href":"https:\/\/www.cgvpack.it\/fr\/wp-json\/wp\/v2\/pages"}],"about":[{"href":"https:\/\/www.cgvpack.it\/fr\/wp-json\/wp\/v2\/types\/page"}],"author":[{"embeddable":true,"href":"https:\/\/www.cgvpack.it\/fr\/wp-json\/wp\/v2\/users\/1"}],"replies":[{"embeddable":true,"href":"https:\/\/www.cgvpack.it\/fr\/wp-json\/wp\/v2\/comments?post=6095"}],"version-history":[{"count":3,"href":"https:\/\/www.cgvpack.it\/fr\/wp-json\/wp\/v2\/pages\/6095\/revisions"}],"predecessor-version":[{"id":6098,"href":"https:\/\/www.cgvpack.it\/fr\/wp-json\/wp\/v2\/pages\/6095\/revisions\/6098"}],"wp:attachment":[{"href":"https:\/\/www.cgvpack.it\/fr\/wp-json\/wp\/v2\/media?parent=6095"}],"curies":[{"name":"wp","href":"https:\/\/api.w.org\/{rel}","templated":true}]}}